{"id":21,"date":"2011-12-03T10:01:12","date_gmt":"2011-12-03T10:01:12","guid":{"rendered":"http:\/\/kbs445.de\/wordpress\/?page_id=21"},"modified":"2011-12-04T13:49:53","modified_gmt":"2011-12-04T13:49:53","slug":"jugendarbeit","status":"publish","type":"page","link":"https:\/\/www.herborner-mineralienfreunde.de\/?page_id=21","title":{"rendered":"Jugendarbeit"},"content":{"rendered":"<p align=\"left\"><strong>In der Satzung der Mineralienfreunde Herborn e.V. ist als ein Vereinszweck die Jugendarbeit ausgewiesen. Es geht darum, bei Kindern und Jugendlichen Interesse f\u00fcr einen Bereich der Natur zu wecken, der sowohl zum Verst\u00e4ndnis unserer physischen Umwelt hinf\u00fchrt als auch die Nutzung der Natur durch die wirtschaftlichen Aktivit\u00e4ten der Menschen im Zuge der Geschichte einschlie\u00dft. Gerade in dieser Verbindung k\u00f6nnen Jugendliche lernen, den not-wendigen Schutz der Natur einerseits gegen die Verfolgung gesellschaftlicher Interessen andererseits abzuw\u00e4gen. <\/strong><\/p>\n<p><strong>Neben diesem Ziel steht nat\u00fcrlich auch das legitime Interesse des Vereins, Nachwuchs zu gewinnen und damit die Existenz des Vereins langfristig zu sichern. Auch wenn die Herborner Mineralienfreunde auf einen relativ gro\u00dfen Kern aktiver Mitglieder zur\u00fcckgreifen k\u00f6nnen, besteht doch das Problem der \u00dcberalterung des Vereins. Zur L\u00f6sung des Problems kann nur eine aktive Jugendarbeit beitragen, die \u2013 bereits vor der Gr\u00fcndung des eingetragenen Vereins \u2013 vor allem von den Mitgliedern Friedhelm Schmidt und Dieter Sch\u00fctz initiiert und praktisch umgesetzt worden ist. <\/strong><\/p>\n<p><strong>Am Anfang standen seit 2002 eine Mineralien-AG am Johanneum Gymnasium in Herborn und die Durchf\u00fchrung eines speziellen Programms f\u00fcr Kinder auf den Herborner B\u00f6rsen. Dabei haben sich Mitglieder der Mineralien-AG\u00a0 f\u00fcr gleichaltrige Besucher der B\u00f6rsen engagiert. Mit der Beteiligung an der Ferienpassaktion der Stadt Herborn 2007 und der Gr\u00fcndung einer Jugendgruppe im gleichen Jahr hat sich die Jugendarbeit des Vereins ausgeweitet. <\/strong><\/p>\n","protected":false},"excerpt":{"rendered":"<p>In der Satzung der Mineralienfreunde Herborn e.V. ist als ein Vereinszweck die Jugendarbeit ausgewiesen. Es geht darum, bei Kindern und Jugendlichen Interesse f\u00fcr einen Bereich der Natur zu wecken, der sowohl zum Verst\u00e4ndnis unserer physischen Umwelt hinf\u00fchrt als auch die Nutzung der Natur durch die wirtschaftlichen Aktivit\u00e4ten der Menschen im Zuge der Geschichte einschlie\u00dft. Gerade [&hellip;]<\/p>\n","protected":false},"author":4,"featured_media":0,"parent":24,"menu_order":0,"comment_status":"closed","ping_status":"closed","template":"sidebar-page.php","meta":{"footnotes":""},"class_list":["post-21","page","type-page","status-publish","hentry"],"_links":{"self":[{"href":"https:\/\/www.herborner-mineralienfreunde.de\/index.php?rest_route=\/wp\/v2\/pages\/21","targetHints":{"allow":["GET"]}}],"collection":[{"href":"https:\/\/www.herborner-mineralienfreunde.de\/index.php?rest_route=\/wp\/v2\/pages"}],"about":[{"href":"https:\/\/www.herborner-mineralienfreunde.de\/index.php?rest_route=\/wp\/v2\/types\/page"}],"author":[{"embeddable":true,"href":"https:\/\/www.herborner-mineralienfreunde.de\/index.php?rest_route=\/wp\/v2\/users\/4"}],"replies":[{"embeddable":true,"href":"https:\/\/www.herborner-mineralienfreunde.de\/index.php?rest_route=%2Fwp%2Fv2%2Fcomments&post=21"}],"version-history":[{"count":7,"href":"https:\/\/www.herborner-mineralienfreunde.de\/index.php?rest_route=\/wp\/v2\/pages\/21\/revisions"}],"predecessor-version":[{"id":71,"href":"https:\/\/www.herborner-mineralienfreunde.de\/index.php?rest_route=\/wp\/v2\/pages\/21\/revisions\/71"}],"up":[{"embeddable":true,"href":"https:\/\/www.herborner-mineralienfreunde.de\/index.php?rest_route=\/wp\/v2\/pages\/24"}],"wp:attachment":[{"href":"https:\/\/www.herborner-mineralienfreunde.de\/index.php?rest_route=%2Fwp%2Fv2%2Fmedia&parent=21"}],"curies":[{"name":"wp","href":"https:\/\/api.w.org\/{rel}","templated":true}]}}