{"id":31,"date":"2011-12-03T10:05:32","date_gmt":"2011-12-03T10:05:32","guid":{"rendered":"http:\/\/kbs445.de\/wordpress\/?page_id=31"},"modified":"2026-03-05T17:06:43","modified_gmt":"2026-03-05T17:06:43","slug":"mineralienborse","status":"publish","type":"page","link":"https:\/\/www.herborner-mineralienfreunde.de\/?page_id=31","title":{"rendered":"Mineralienb\u00f6rse"},"content":{"rendered":"\n<p class=\"western\"><span style=\"font-size: xx-large;\"><i><b>&#8222;Mineralogisches Wochenende\u201c<\/b><\/i><\/span><\/p>\n\n\n\n<p class=\"western\"><span style=\"font-size: xx-large;\"><i><b>im B\u00fcrgerhaus Herborn &#8211; Merkenbach<\/b><\/i><\/span><\/p>\n\n\n\n<p class=\"has-text-align-center\"><\/p>\n\n\n\n<p class=\"western\">Am 12. April 2026 wird in Herborn wieder das mineralogische Wochenende begangen!<\/p>\n\n\n\n<p class=\"western\">Am <b>12. April 2026 <\/b>findet im <b>BGH in Herborn &#8211; Merkenbach, Rathausstrasse 4 <\/b>(<a href=\"https:\/\/goo.gl\/maps\/X4KZFNypNEkJ4nZr5\">auf google Maps ansehen<\/a>) von 10-17 Uhr die <strong>2<\/strong><b>5<\/b><b>. Herborner Mineralienb\u00f6rse<\/b> statt. Ein internationales Angebot erfreut hier die Sammlerherzen aus dem mittelhessischen Raum seit vielen Jahren. Mineralienliebhaber k\u00f6nnen an diesem Tage auch exquisite Schmankerl aus aller Welt erwerben.<\/p>\n\n\n\n<p class=\"western\"><b>Dieses mal gibt es eine Sonderausstellung zum Thema:<\/b><\/p>\n\n\n\n<p class=\"western\"><span style=\"font-size: x-large;\"><b>&#8222;Mineralien Lukmanierschlucht &amp; Gips Sangerhausen&#8220;<br> <\/b><\/span><\/p>\n\n\n\n<p class=\"western\"><b>Der Eintritt ist frei. <\/b><\/p>\n\n\n\n<p class=\"western\">F\u00fcr die jungen Sammler gibt es eine Mineralien-Tombola sowie das beliebte Edelsteinsieben.<\/p>\n\n\n\n<p>Kinder und Jugendliche k\u00f6nnen sich am Sonntag zu einer Exkursion anmelden, bei der Mineralien in der heimischen Region unter Anleitung von Mitgliedern der Herborner Mineralienfreunde e.V. gesucht werden k\u00f6nnen.<\/p>\n\n\n\n<p>Vortr\u00e4ge von Rainer Ernst &#8211; Fa. Stonemaster \u2013 \u00fcber \u201eStacking\u201c &#8211; Fotographie, sowie Mineralbestimmung mit der Raman-Sonde von Ilko Brauch werden an beiden Tagen angeboten.<\/p>\n\n\n\n<p class=\"western\">Auch f\u00fcr das leibliche Wohl ist bestens gesorgt; preiswerte Speisen und Getr\u00e4nke werden angeboten, unter anderem gibt es Kaffee und selbstgebackenen Kuchen.<\/p>\n\n\n\n<p class=\"western\">Beim Sammlerstammtisch kann man sich austauschen und Neuigkeiten aus der Mineralienwelt erfahren. Die Herborner Mineraliensammler und die Vereinsjugend freuen sich auf zahlreiche G\u00e4ste und Besucher f\u00fcr dieses Wochenende.<\/p>\n\n\n\n<p class=\"western\">Wie sagt man in Herborn: <b>\u201emir freue sich.\u201c<\/b><\/p>\n\n\n<div class=\"wp-block-image\">\n<figure class=\"alignleft\"><a href=\"http:\/\/www.herborner-mineralienfreunde.de\/wp-content\/uploads\/2012\/11\/buch.jpg\" data-rel=\"lightbox-gallery-MQswUKn9\" data-rl_title=\"\" data-rl_caption=\"\" title=\"\"><img loading=\"lazy\" decoding=\"async\" width=\"224\" height=\"300\" src=\"http:\/\/www.herborner-mineralienfreunde.de\/wp-content\/uploads\/2012\/11\/buch-224x300.jpg\" alt=\"\" class=\"wp-image-806\" srcset=\"https:\/\/www.herborner-mineralienfreunde.de\/wp-content\/uploads\/2012\/11\/buch-224x300.jpg 224w, https:\/\/www.herborner-mineralienfreunde.de\/wp-content\/uploads\/2012\/11\/buch-624x837.jpg 624w, https:\/\/www.herborner-mineralienfreunde.de\/wp-content\/uploads\/2012\/11\/buch.jpg 671w\" sizes=\"auto, (max-width: 224px) 100vw, 224px\" \/><\/a><\/figure>\n<\/div>\n\n\n<p><\/p>\n\n\n\n<p>Die Herborner Mineralienfreunde haben ein Fotobuch \u00fcber die Mineralien der Grube Rotl\u00e4ufchen herausgegeben. Dieses Buch wird auf der Mineralienb\u00f6rse und dem Mineralientauschtag 2019 k\u00e4uflich zu erwerben sein.<\/p>\n\n\n\n<p><span style=\"text-decoration: underline;\"><strong>Die Herborner Mineralienfreunde bedanken sich bei allen Anbietern und Besuchern f\u00fcr das gelungene Wochenende 2025!<\/strong><\/span><\/p>\n\n\n\n<p><a title=\"Presse\" href=\"http:\/\/www.herborner-mineralienfreunde.de\/?page_id=160\">Hier <\/a>finden Sie einige Artikel der heimischen Presse zur Mineralienb\u00f6rse 2015 in Herborn-Merkenbach<\/p>\n\n\n\n<p>Hier geht es zu den Fotos von <a title=\"Impressionen der B\u00f6rse 2014\" href=\"http:\/\/www.herborner-mineralienfreunde.de\/?page_id=585\">Mineralienb\u00f6rse <\/a>und <a title=\"Impressionen vom Tauschtag 2014\" href=\"http:\/\/www.herborner-mineralienfreunde.de\/?page_id=605\">Mineralientauschtag <\/a>2014<br>\n<!--\n&nbsp;\n\n\n<div style=\"position: relative; left: 50%; margin-left: -297px; top: 0px; width: 595px; height: 842px; border-style: outset; overflow: hidden;\">\n\n\n<div style=\"position: absolute; left: 0px; top: 8px;\"><img loading=\"lazy\" decoding=\"async\" src=\"wp-content\/uploads\/hintergrund.jpg\" alt=\"\" width=\"595\" height=\"842\" \/><\/div>\n\n\n\n\n<div class=\"cls_002\" style=\"position: absolute; left: 21.60px; top: 50.18px;\"><span class=\"cls_002\">15. HERBORNER<\/span><\/div>\n\n\n\n\n<div class=\"cls_002\" style=\"position: absolute; left: 64.80px; top: 138.02px;\"><span class=\"cls_002\">MINERALIENB\u00d6RSE<\/span><\/div>\n\n\n\n\n<div class=\"cls_003\" style=\"position: absolute; left: 129.32px; top: 237.61px;\"><span class=\"cls_003\">SONNTAG<\/span><\/div>\n\n\n\n\n<div class=\"cls_005\" style=\"position: absolute; left: 298.28px; top: 214.62px;\"><span class=\"cls_005\">13. APRIL 2014<\/span><\/div>\n\n\n\n\n<div class=\"cls_005\" style=\"position: absolute; left: 299.68px; top: 280.17px;\"><span class=\"cls_005\">10\u00b0\u00b0- 17\u00b0\u00b0<\/span><\/div>\n\n\n\n\n<div class=\"cls_005\" style=\"position: absolute; left: 479.04px; top: 284.17px;\"><span class=\"cls_005\">UHR<\/span><\/div>\n\n\n\n\n<div class=\"cls_024\" style=\"position: absolute; left: 21.60px; top: 342.61px;\"><span class=\"cls_024\">INTERNATIONALES ANGEBOT !!!<\/span><\/div>\n\n\n\n\n<div class=\"cls_024\" style=\"position: absolute; left: 21.60px; top: 376.81px;\"><span class=\"cls_024\">SONDERAUSSTELLUNG:<\/span><\/div>\n\n\n\n\n<div class=\"cls_024\" style=\"position: absolute; left: 21.60px; top: 410.89px;\"><span class=\"cls_024\">\u201e FLUORIT \u201c \u2013 DAS MINERAL DES REGENBOGENS \u2013<\/span><\/div>\n\n\n\n\n<div class=\"cls_025\" style=\"position: absolute; left: 21.36px; top: 463.32px;\"><span class=\"cls_025\">ES GIBT ABER AUCH :<\/span><\/div>\n\n\n\n\n<div class=\"cls_012\" style=\"position: absolute; left: 21.36px; top: 499.68px;\"><span class=\"cls_012\">&gt; Zubeh\u00f6r f\u00fcr Sammler,<\/span><\/div>\n\n\n\n\n<div class=\"cls_012\" style=\"position: absolute; left: 21.36px; top: 518.16px;\"><span class=\"cls_012\">&gt; Fundst\u00fccke aus dem Bergbau,<\/span><\/div>\n\n\n\n\n<div class=\"cls_012\" style=\"position: absolute; left: 21.36px; top: 536.52px;\"><span class=\"cls_012\">&gt; Bestimmungshilfe, soweit dies m\u00f6glich ist,<\/span><\/div>\n\n\n\n\n<div class=\"cls_012\" style=\"position: absolute; left: 23.40px; top: 554.88px;\"><span class=\"cls_012\">&gt; Kinderaktionen in Halle, Foyer und Saal,<\/span><\/div>\n\n\n\n\n<div class=\"cls_012\" style=\"position: absolute; left: 21.36px; top: 573.36px;\"><span class=\"cls_012\">&gt; in der Kantine preiswert Speisen, Getr\u00e4nke und<\/span><\/div>\n\n\n\n\n<div class=\"cls_012\" style=\"position: absolute; left: 21.36px; top: 591.72px;\"><span class=\"cls_012\">&gt; \u00fcberall interessante Gespr\u00e4che + Informationen<\/span><\/div>\n\n\n\n\n<div class=\"cls_025\" style=\"position: absolute; left: 21.36px; top: 639.72px;\"><span class=\"cls_025\">UND VIELES MEHR<\/span><\/div>\n\n\n\n\n<div class=\"cls_016\" style=\"position: absolute; left: 21.36px; top: 675.37px;\"><span class=\"cls_016\">IM B\u00dcRGERHAUS IN HERBORN-BURG - der EINTRITT ist frei<\/span><\/div>\n\n\n\n\n<div class=\"cls_014\" style=\"position: absolute; left: 21.36px; top: 703.56px;\"><span class=\"cls_014\">_____________________________________________________________________________________________________________<\/span><\/div>\n\n\n\n\n<div class=\"cls_026\" style=\"position: absolute; left: 21.36px; top: 714.60px;\"><span class=\"cls_026\">VERANSTALTER :<\/span><\/div>\n\n\n\n\n<div class=\"cls_012\" style=\"position: absolute; left: 253.80px; top: 714.60px;\"><span class=\"cls_012\">HERBORNER MINERALIENFREUNDE e. V.<\/span><\/div>\n\n\n\n\n<div class=\"cls_026\" style=\"position: absolute; left: 21.36px; top: 732.96px;\"><span class=\"cls_026\">Adresse<\/span><span class=\"cls_026\"> :<\/span><span class=\"cls_012\">Junostra\u00dfe 2, 35745 Herborn-Burg <\/span><\/div>\n\n\n\n\n<div class=\"cls_026\" style=\"position: absolute; left: 21.36px; top: 751.44px;\"><span class=\"cls_026\">E-MAIL KONTAKT:<\/span><\/div>\n\n\n\n\n<div class=\"cls_012\" style=\"position: absolute; left: 250.80px; top: 751.44px;\"><span class=\"cls_012\"><a href=\"\/\"  class=\"mailcrypt\">paul.djalek<span><span>\u2202<\/span><\/span>gmx.de<\/a> oder <a href=\"\/\"  class=\"mailcrypt\">htepel<span><span>\u2202<\/span><\/span>t-online.de<\/a><\/span><\/div>\n\n\n<\/div>\n\n\n\n\n<div style=\"position: relative; height: 800px;\">\n\n&nbsp;\n\n\n<div style=\"position: absolute; left: 50%; margin-left: -297px; top: 0px; width: 595px; height: 842px; border-style: outset; overflow: hidden;\">\n\n\n<div style=\"position: absolute; left: 0px; top: 0px;\"><img loading=\"lazy\" decoding=\"async\" src=\"wp-content\/uploads\/background1.jpg\" alt=\"\" width=\"595\" height=\"842\" \/><\/div>\n\n\n\n\n<div class=\"cls_022\" style=\"position: absolute; left: 36.96px; top: 22.10px;\"><span class=\"cls_022\">21. INTERNATIONALER<\/span><\/div>\n\n\n\n\n<div class=\"cls_022\" style=\"position: absolute; left: 118.68px; top: 104.65px;\"><span class=\"cls_022\">MINERALIENTAUSCHTAG<\/span><\/div>\n\n\n\n\n<div class=\"cls_005\" style=\"position: absolute; left: 114.23px; top: 175.21px;\"><span class=\"cls_005\">SAMSTAG, DEN<\/span><\/div>\n\n\n\n\n<div class=\"cls_003\" style=\"position: absolute; left: 324.60px; top: 163.21px;\"><span class=\"cls_003\">12.<\/span><span class=\"cls_005\"> APRIL <\/span><span class=\"cls_003\">2014<\/span><\/div>\n\n\n\n\n<div class=\"cls_007\" style=\"position: absolute; left: 36.72px; top: 221.65px;\"><span class=\"cls_007\">HERBORN : <\/span><span class=\"cls_008\">B\u00dcRGERHAUS<\/span><\/div>\n\n\n\n\n<div class=\"cls_008\" style=\"position: absolute; left: 299.40px; top: 221.65px;\"><span class=\"cls_008\">-<\/span><\/div>\n\n\n\n\n<div class=\"cls_008\" style=\"position: absolute; left: 310.56px; top: 221.65px;\"><span class=\"cls_008\">BURG<\/span><\/div>\n\n\n\n\n<div class=\"cls_023\" style=\"position: absolute; left: 377.99px; top: 221.65px;\"><span class=\"cls_023\">10\u00b0\u00b0 bis 17\u00b0\u00b0 UHR<\/span><\/div>\n\n\n\n\n<div class=\"cls_009\" style=\"position: absolute; left: 51.00px; top: 273.37px;\"><span class=\"cls_009\">+ <\/span><span class=\"cls_024\">REICHHALTIGES TAUSCHANGEBOT:<\/span><\/div>\n\n\n\n\n<div class=\"cls_009\" style=\"position: absolute; left: 49.92px; top: 294.01px;\"><span class=\"cls_009\">+ MIKROMOUNTS, KLEIN-, HAND-, GROSS-<\/span><\/div>\n\n\n\n\n<div class=\"cls_009\" style=\"position: absolute; left: 81.84px; top: 312.73px;\"><span class=\"cls_009\">UND FOTOSTUFEN,<\/span><\/div>\n\n\n\n\n<div class=\"cls_009\" style=\"position: absolute; left: 49.92px; top: 335.41px;\"><span class=\"cls_009\">+ AESTHETIK= UND SYSTEMATIKMINERALIEN<\/span><\/div>\n\n\n\n\n<div class=\"cls_009\" style=\"position: absolute; left: 49.92px; top: 363.25px;\"><span class=\"cls_009\">+ <\/span><span class=\"cls_024\">SONDERAUSSTELLUNG:<\/span><\/div>\n\n\n\n\n<div class=\"cls_010\" style=\"position: absolute; left: 77.28px; top: 386.41px;\"><span class=\"cls_010\">\u201eFLUORIT\u201c - MINERAL DES REGENBOGENS<\/span><\/div>\n\n\n\n\n<div class=\"cls_009\" style=\"position: absolute; left: 49.92px; top: 416.53px;\"><span class=\"cls_009\">+ <\/span><span class=\"cls_024\">SONSTIGE AKTIVIT\u00c4TEN:<\/span><\/div>\n\n\n\n\n<div class=\"cls_009\" style=\"position: absolute; left: 49.92px; top: 456.13px;\"><span class=\"cls_009\">+ <\/span><span class=\"cls_025\">TAUSCHEN<\/span><\/div>\n\n\n\n\n<div class=\"cls_009\" style=\"position: absolute; left: 77.28px; top: 476.89px;\"><span class=\"cls_009\">NACH HERZENSLUST,<\/span><\/div>\n\n\n\n\n<div class=\"cls_009\" style=\"position: absolute; left: 49.92px; top: 506.77px;\"><span class=\"cls_009\">+ <\/span><span class=\"cls_025\">SAMMLERSTAMMTISCH,<\/span><\/div>\n\n\n\n\n<div class=\"cls_009\" style=\"position: absolute; left: 49.92px; top: 536.65px;\"><span class=\"cls_009\">+ <\/span><span class=\"cls_025\">BESTIMMUNGSHILFE,<\/span><\/div>\n\n\n\n\n<div class=\"cls_009\" style=\"position: absolute; left: 49.80px; top: 567.13px;\"><span class=\"cls_009\">+ <\/span><span class=\"cls_025\">SAMMLER - SERVICE - STAND<\/span><\/div>\n\n\n\n\n<div class=\"cls_009\" style=\"position: absolute; left: 27.00px; top: 651.97px;\"><span class=\"cls_009\">SPEISEN + GETR\u00c4NKE PREISWERT IN DER SAMMLERKANTINE !<\/span><\/div>\n\n\n\n\n<div class=\"cls_003\" style=\"position: absolute; left: 27.00px; top: 674.77px;\"><span class=\"cls_003\">2014<\/span><\/div>\n\n\n\n\n<div class=\"cls_014\" style=\"position: absolute; left: 122.87px; top: 700.81px;\"><span class=\"cls_014\">Tauschtag in Herborn - das Ereignis f\u00fcr Sammler<\/span><\/div>\n\n\n\n\n<div class=\"cls_026\" style=\"position: absolute; left: 27.00px; top: 740.76px;\"><span class=\"cls_026\">VERANSTALTER :<\/span><\/div>\n\n\n\n\n<div class=\"cls_026\" style=\"position: absolute; left: 303.96px; top: 740.76px;\"><span class=\"cls_026\">HERBORNER MINERALIENFREUNDE e.V.<\/span><\/div>\n\n\n\n\n<div class=\"cls_018\" style=\"position: absolute; left: 27.00px; top: 757.20px;\"><span class=\"cls_018\">_____________________________________________________________________________________________________________<\/span><\/div>\n\n\n\n\n<div class=\"cls_019\" style=\"position: absolute; left: 27.00px; top: 768.72px;\"><span class=\"cls_019\">Postanschrift<\/span><\/div>\n\n\n\n\n<div class=\"cls_019\" style=\"position: absolute; left: 96.24px; top: 768.72px;\"><span class=\"cls_019\">:<\/span><\/div>\n\n\n\n\n<div class=\"cls_018\" style=\"position: absolute; left: 180.24px; top: 768.72px;\"><span class=\"cls_018\">Herborner Mineralienfreunde e.V. z.Hd.v. <\/span><span class=\"cls_027\">Paul Djalek, Sonnenweg 4, D-35614 Asslar -Werdorf<\/span><\/div>\n\n\n\n\n<div class=\"cls_028\" style=\"position: absolute; left: 27.00px; top: 780.60px;\"><span class=\"cls_028\">E - Mailkontakt:<\/span><\/div>\n\n\n\n\n<div class=\"cls_018\" style=\"position: absolute; left: 354.84px; top: 776.52px;\"><span class=\"cls_018\">&gt; <\/span><span class=\"cls_027\">pau<\/span><span class=\"cls_018\"><a href=\"\/\"  class=\"mailcrypt\">l.djalek<span><span>\u2202<\/span><\/span>gmx.de<\/a> &lt; oder &gt; <\/span><span class=\"cls_029\"><a href=\"\/\"  class=\"mailcrypt\">htepel<span><span>\u2202<\/span><\/span>t-online.de<\/a>&lt;<\/span><\/div>\n\n\n<\/div>\n\n\n<\/div>\n\n\n--><\/p>\n\n\n","protected":false},"excerpt":{"rendered":"<p>&#8222;Mineralogisches Wochenende\u201c im B\u00fcrgerhaus Herborn &#8211; Merkenbach Am 12. April 2026 wird in Herborn wieder das mineralogische Wochenende begangen! Am 12. April 2026 findet im BGH in Herborn &#8211; Merkenbach, Rathausstrasse 4 (auf google Maps ansehen) von 10-17 Uhr die 25. Herborner Mineralienb\u00f6rse statt. Ein internationales Angebot erfreut hier die Sammlerherzen aus dem mittelhessischen Raum [&hellip;]<\/p>\n","protected":false},"author":4,"featured_media":0,"parent":0,"menu_order":0,"comment_status":"closed","ping_status":"closed","template":"","meta":{"footnotes":""},"class_list":["post-31","page","type-page","status-publish","hentry"],"_links":{"self":[{"href":"https:\/\/www.herborner-mineralienfreunde.de\/index.php?rest_route=\/wp\/v2\/pages\/31","targetHints":{"allow":["GET"]}}],"collection":[{"href":"https:\/\/www.herborner-mineralienfreunde.de\/index.php?rest_route=\/wp\/v2\/pages"}],"about":[{"href":"https:\/\/www.herborner-mineralienfreunde.de\/index.php?rest_route=\/wp\/v2\/types\/page"}],"author":[{"embeddable":true,"href":"https:\/\/www.herborner-mineralienfreunde.de\/index.php?rest_route=\/wp\/v2\/users\/4"}],"replies":[{"embeddable":true,"href":"https:\/\/www.herborner-mineralienfreunde.de\/index.php?rest_route=%2Fwp%2Fv2%2Fcomments&post=31"}],"version-history":[{"count":41,"href":"https:\/\/www.herborner-mineralienfreunde.de\/index.php?rest_route=\/wp\/v2\/pages\/31\/revisions"}],"predecessor-version":[{"id":1000,"href":"https:\/\/www.herborner-mineralienfreunde.de\/index.php?rest_route=\/wp\/v2\/pages\/31\/revisions\/1000"}],"wp:attachment":[{"href":"https:\/\/www.herborner-mineralienfreunde.de\/index.php?rest_route=%2Fwp%2Fv2%2Fmedia&parent=31"}],"curies":[{"name":"wp","href":"https:\/\/api.w.org\/{rel}","templated":true}]}}