{"id":77,"date":"2011-12-04T13:59:52","date_gmt":"2011-12-04T13:59:52","guid":{"rendered":"http:\/\/kbs445.de\/wordpress\/?page_id=77"},"modified":"2011-12-12T17:55:24","modified_gmt":"2011-12-12T17:55:24","slug":"familienexkursionen","status":"publish","type":"page","link":"https:\/\/www.herborner-mineralienfreunde.de\/?page_id=77","title":{"rendered":"Familienexkursionen"},"content":{"rendered":"<p align=\"center\"><big><big><big>C.5.2.&nbsp; FAMILIENEXKURSIONEN&nbsp; <br \/>\n<\/big><\/big><\/big><strong>DER HERBORNER &nbsp; MINERALIENFREUNDE<\/p>\n<p><\/strong><\/p>\n<p class=\"MsoNormal\"><strong>Der Stand der Mineralien-AG auf den B\u00f6rsen zog zahlreiche<br \/>\nEltern mit Kindern an, die einen Blick durch die Binokulare werfen und ihre eigene Stufe<br \/>\nformatisieren wollten. In Gespr\u00e4chen \u00e4u\u00dferten die Eltern h\u00e4ufiger das Interesse,<br \/>\neinmal selbst im Gel\u00e4nde Mineralien zu suchen. Mitglieder der Mineralienfreunde luden<br \/>\ndaraufhin zu speziellen Familienexkursionen ein, die inzwischen zu einer festen<br \/>\nEinrichtung nach jeder B\u00f6rse geworden sind. <\/strong><\/p>\n<p class=\"MsoNormal\"><img loading=\"lazy\" decoding=\"async\" src=\"wp-content\/bilder\/Plakat.jpg\" alt=\"Plakat.jpg (161480 Byte)\" height=\"458\" width=\"785\"><strong><br \/>\n<small><em>(DIN A3-Plakat, das auf den B\u00f6rsen in Herborn am Tisch der Mineralien-AG<br \/>\nausgeh\u00e4ngt wird.)<\/em><\/small><\/strong><\/p>\n<p class=\"MsoNormal\"><strong><o:p>Jedes Jahr kommen so zwei Exkursionen zustande. Einzelne<br \/>\nFamilien haben wiederholt an diesen Exkursionen teilgenommen. Besucht wurden die alten<br \/>\nGrubenhalden bei Oberro\u00dfbach, im Buchhellertal, in M\u00fcsen und der Grube Alte&nbsp;<br \/>\nMahlscheid bei Herdorf.. <br \/>\n<\/o:p><\/strong><\/p>\n<p class=\"MsoNormal\"><big><strong><o:p>Familienexkursion zur Grube Wildermann in M\u00fcsen (2004)<br \/>\n:<\/o:p><\/strong><\/big><\/p>\n<p class=\"MsoNormal\"><strong><!--[if gte vml 1]><v:shape id=\"_x0000_i1025\" type=\"#_x0000_t75\" style='width:208.5pt;height:156pt'> <v:imagedata src=\"file:\/\/\/C:\\DOKUME~1\\ADMINI~1\\LOKALE~1\\Temp\\msohtml1\\01\\clip_image003.jpg\"  o:title=\"M01\"\/><\/v:shape><![endif]--><a href=\"wp-content\/bilder\/C52_02.JPG\" data-rel=\"lightbox-gallery-aSu5x0va\" data-rl_title=\"\" data-rl_caption=\"\" title=\"\"><img loading=\"lazy\" decoding=\"async\" src=\"wp-content\/bilder\/C52_02_small.JPG\" alt=\"C52_02.JPG (276624 Byte)\" height=\"225\" width=\"300\" border=\"2\"><\/a>&nbsp;&nbsp;&nbsp;&nbsp;&nbsp; <!--[if gte vml 1]><v:shape id=\"_x0000_i1026\" type=\"#_x0000_t75\" style='width:208.5pt;height:156pt'> <v:imagedata src=\"file:\/\/\/C:\\DOKUME~1\\ADMINI~1\\LOKALE~1\\Temp\\msohtml1\\01\\clip_image005.jpg\"  o:title=\"M03\"\/><\/v:shape><![endif]--><a href=\"wp-content\/bilder\/C52_03.JPG\" data-rel=\"lightbox-gallery-aSu5x0va\" data-rl_title=\"\" data-rl_caption=\"\" title=\"\"><img loading=\"lazy\" decoding=\"async\" src=\"wp-content\/bilder\/C52_03_small.JPG\" alt=\"C52_03.JPG (161678 Byte)\" height=\"225\" width=\"300\" border=\"2\"><\/a><br \/>\n<em><small>Begr\u00fc\u00dfung vor dem Stollenmundloch des Stahlberger<br \/>\n&nbsp;&nbsp;&nbsp;&nbsp;&nbsp;&nbsp;&nbsp;&nbsp;&nbsp;&nbsp;F\u00fchrung im Stollen<\/small><\/p>\n<p><small>Erbstollens<\/small><\/em><\/strong><\/p>\n<p class=\"MsoNormal\"><strong><!--[if gte vml 1]><v:shape id=\"_x0000_i1027\" type=\"#_x0000_t75\" style='width:207pt;height:155.25pt'> <v:imagedata src=\"file:\/\/\/C:\\DOKUME~1\\ADMINI~1\\LOKALE~1\\Temp\\msohtml1\\01\\clip_image007.jpg\"  o:title=\"IM000392\"\/><\/v:shape><![endif]--><a href=\"wp-content\/bilder\/C52_04.JPG\" data-rel=\"lightbox-gallery-aSu5x0va\" data-rl_title=\"\" data-rl_caption=\"\" title=\"\"><img loading=\"lazy\" decoding=\"async\" src=\"wp-content\/bilder\/C52_04_small.JPG\" alt=\"C52_04.JPG (193856 Byte)\" height=\"225\" width=\"300\" border=\"2\"><\/a>&nbsp;&nbsp;&nbsp;&nbsp; &nbsp;<a href=\"wp-content\/bilder\/C.5.2._122%20H.T..JPG\" data-rel=\"lightbox-gallery-aSu5x0va\" data-rl_title=\"\" data-rl_caption=\"\" title=\"\"><img loading=\"lazy\" decoding=\"async\" src=\"wp-content\/bilder\/C.5.2._122_H.T._small.JPG\" alt=\"C.5.2._122 H.T..JPG (265119 Byte)\" height=\"225\" width=\"300\" border=\"2\"><\/a><br \/>\n<em><small>Im Stollen<br \/>\n&nbsp;&nbsp;&nbsp;&nbsp;&nbsp;&nbsp;&nbsp;&nbsp;&nbsp;&nbsp;&nbsp;&nbsp;&nbsp;&nbsp;&nbsp;&nbsp;&nbsp;&nbsp;&nbsp;&nbsp;&nbsp;&nbsp;&nbsp;&nbsp;&nbsp;&nbsp;&nbsp;&nbsp;&nbsp;&nbsp;&nbsp;&nbsp;&nbsp;&nbsp;&nbsp;&nbsp;&nbsp;&nbsp;&nbsp;&nbsp;&nbsp;&nbsp;&nbsp;&nbsp;&nbsp;&nbsp;&nbsp;&nbsp;&nbsp;&nbsp;&nbsp;&nbsp;&nbsp;&nbsp;&nbsp;&nbsp;&nbsp;&nbsp;&nbsp;&nbsp;&nbsp;&nbsp;&nbsp;&nbsp;&nbsp;&nbsp;&nbsp;&nbsp;&nbsp;&nbsp;&nbsp;&nbsp;&nbsp;&nbsp;&nbsp;<br \/>\n&nbsp;&nbsp;&nbsp;&nbsp;&nbsp;&nbsp;&nbsp;&nbsp;&nbsp;&nbsp;&nbsp;&nbsp;&nbsp; Aufgang zur<br \/>\nHalde<\/small><\/em><\/strong><\/p>\n<p class=\"MsoNormal\"><strong><a href=\"wp-content\/bilder\/C52_05.JPG\" data-rel=\"lightbox-gallery-aSu5x0va\" data-rl_title=\"\" data-rl_caption=\"\" title=\"\"><img loading=\"lazy\" decoding=\"async\" src=\"wp-content\/bilder\/C52_05_small.JPG\" alt=\"C52_05.JPG (209754 Byte)\" height=\"191\" width=\"300\" border=\"2\"><\/a><\/strong>&nbsp;&nbsp;&nbsp;&nbsp;&nbsp; <a href=\"wp-content\/bilder\/C.5.2._123%20HT.JPG\" data-rel=\"lightbox-gallery-aSu5x0va\" data-rl_title=\"\" data-rl_caption=\"\" title=\"\"><img loading=\"lazy\" decoding=\"async\" src=\"wp-content\/bilder\/C.5.2._123_HT_small.JPG\" alt=\"C.5.2._123 HT.JPG (255431 Byte)\" height=\"225\" width=\"300\" border=\"2\"><\/a><br \/>\n<small><strong><em>Auf der Halde der Grube Wildermann<br \/>\n&nbsp;&nbsp;&nbsp;&nbsp;&nbsp;&nbsp;&nbsp;&nbsp;&nbsp;&nbsp;&nbsp;&nbsp;&nbsp;&nbsp;&nbsp;&nbsp;&nbsp;&nbsp;&nbsp;&nbsp;&nbsp;&nbsp;&nbsp;&nbsp;&nbsp;&nbsp;&nbsp;&nbsp;&nbsp;&nbsp;&nbsp;&nbsp;&nbsp;&nbsp;&nbsp;&nbsp;&nbsp;&nbsp;&nbsp;Begutachtung<br \/>\nder Funde<\/em><\/strong><\/small><\/p>\n<p class=\"MsoNormal\"><big><strong><o:p>Familienexkursion zur Halde der ehem. Grube Alte<br \/>\nMahlscheid (16.06.2007)<\/o:p><\/strong><\/big><\/p>\n<p class=\"MsoNormal\"><strong><!--[if gte vml 1]><v:shape id=\"_x0000_i1029\" type=\"#_x0000_t75\" style='width:207.75pt;height:156pt'> <v:imagedata src=\"file:\/\/\/C:\\DOKUME~1\\ADMINI~1\\LOKALE~1\\Temp\\msohtml1\\01\\clip_image011.jpg\"  o:title=\"CIMG1538\"\/><\/v:shape><![endif]--><a href=\"wp-content\/bilder\/C52_06.JPG\" data-rel=\"lightbox-gallery-aSu5x0va\" data-rl_title=\"\" data-rl_caption=\"\" title=\"\"><img loading=\"lazy\" decoding=\"async\" src=\"wp-content\/bilder\/C52_06_small.JPG\" alt=\"C52_06.JPG (293722 Byte)\" height=\"225\" width=\"300\" border=\"2\"><\/a>&nbsp;&nbsp;&nbsp;&nbsp;&nbsp; <!--[if gte vml 1]><v:shape id=\"_x0000_i1030\" type=\"#_x0000_t75\" style='width:207.75pt;height:156pt'> <v:imagedata src=\"file:\/\/\/C:\\DOKUME~1\\ADMINI~1\\LOKALE~1\\Temp\\msohtml1\\01\\clip_image013.jpg\"  o:title=\"CIMG1533\"\/><\/v:shape><![endif]--><a href=\"wp-content\/bilder\/C52_07.JPG\" data-rel=\"lightbox-gallery-aSu5x0va\" data-rl_title=\"\" data-rl_caption=\"\" title=\"\"><img loading=\"lazy\" decoding=\"async\" src=\"wp-content\/bilder\/C52_07_small.JPG\" alt=\"C52_07.JPG (291609 Byte)\" height=\"225\" width=\"300\" border=\"2\"><\/a><br \/>\n<em><small>Mineraliensuche auf der Halde der ehem. Grube Alte Mahlscheid <\/small><\/em><\/strong><\/p>\n<p class=\"MsoNormal\"><strong><!--[if gte vml 1]><v:shape id=\"_x0000_i1031\" type=\"#_x0000_t75\" style='width:207.75pt;height:156pt'> <v:imagedata src=\"file:\/\/\/C:\\DOKUME~1\\ADMINI~1\\LOKALE~1\\Temp\\msohtml1\\01\\clip_image015.jpg\"  o:title=\"CIMG1551\"\/><\/v:shape><![endif]--><a href=\"wp-content\/bilder\/C52_08.JPG\" data-rel=\"lightbox-gallery-aSu5x0va\" data-rl_title=\"\" data-rl_caption=\"\" title=\"\"><img loading=\"lazy\" decoding=\"async\" src=\"wp-content\/bilder\/C52_08_small.JPG\" alt=\"C52_08.JPG (323615 Byte)\" height=\"225\" width=\"300\" border=\"2\"><\/a>&nbsp; <!--[if gte vml 1]><v:shape id=\"_x0000_i1032\" type=\"#_x0000_t75\" style='width:207.75pt;height:156pt'> <v:imagedata src=\"file:\/\/\/C:\\DOKUME~1\\ADMINI~1\\LOKALE~1\\Temp\\msohtml1\\01\\clip_image017.jpg\"  o:title=\"CIMG1535\"\/><\/v:shape><![endif]-->&nbsp;&nbsp;&nbsp; <a href=\"wp-content\/bilder\/C52_09.JPG\" data-rel=\"lightbox-gallery-aSu5x0va\" data-rl_title=\"\" data-rl_caption=\"\" title=\"\"><img loading=\"lazy\" decoding=\"async\" src=\"wp-content\/bilder\/C52_09_small.JPG\" alt=\"C52_09.JPG (300756 Byte)\" height=\"225\" width=\"300\" border=\"2\"><\/a><br \/>\n<br \/>\n<\/strong><\/p>\n<p class=\"MsoNormal\"><big><strong>Alte Mahlscheid 21.06.2008)<\/strong><\/big><\/p>\n<p class=\"MsoNormal\"><strong><!--[if gte vml 1]><v:shape id=\"_x0000_i1033\" type=\"#_x0000_t75\" style='width:207.75pt;height:156pt'> <v:imagedata src=\"file:\/\/\/C:\\DOKUME~1\\ADMINI~1\\LOKALE~1\\Temp\\msohtml1\\01\\clip_image019.jpg\"  o:title=\"DSCN2247\"\/><\/v:shape><![endif]--><a href=\"wp-content\/bilder\/C52_10.JPG\" data-rel=\"lightbox-gallery-aSu5x0va\" data-rl_title=\"\" data-rl_caption=\"\" title=\"\"><img loading=\"lazy\" decoding=\"async\" src=\"wp-content\/bilder\/C52_10_small.JPG\" alt=\"C52_10.JPG (300493 Byte)\" height=\"225\" width=\"300\" border=\"2\"><\/a>&nbsp;&nbsp;&nbsp; &nbsp; <!--[if gte vml 1]><v:shape id=\"_x0000_i1034\" type=\"#_x0000_t75\" style='width:207.75pt;height:156pt'> <v:imagedata src=\"file:\/\/\/C:\\DOKUME~1\\ADMINI~1\\LOKALE~1\\Temp\\msohtml1\\01\\clip_image021.jpg\"  o:title=\"DSCN2245\"\/><\/v:shape><![endif]--><a href=\"wp-content\/bilder\/C52_11.JPG\" data-rel=\"lightbox-gallery-aSu5x0va\" data-rl_title=\"\" data-rl_caption=\"\" title=\"\"><img loading=\"lazy\" decoding=\"async\" src=\"wp-content\/bilder\/C52_11_small.JPG\" alt=\"C52_11.JPG (268193 Byte)\" height=\"225\" width=\"300\" border=\"2\"><\/a><br \/>\n<em><small>Blaue Halde Grube Alte<br \/>\nMahlscheid&nbsp;&nbsp;&nbsp;&nbsp;&nbsp;&nbsp;&nbsp;&nbsp;&nbsp;&nbsp;&nbsp;&nbsp;&nbsp;&nbsp;&nbsp;&nbsp;&nbsp;<br \/>\n&nbsp;&nbsp;&nbsp;&nbsp;&nbsp;&nbsp;&nbsp;&nbsp;&nbsp;&nbsp;&nbsp;&nbsp;&nbsp;&nbsp;&nbsp;&nbsp;&nbsp;&nbsp;&nbsp;&nbsp;&nbsp;&nbsp;&nbsp;&nbsp;Entspannte<br \/>\nMineraliensuche<\/small><\/em><\/strong><\/p>\n<p class=\"MsoNormal\"><strong><o:p><a href=\"wp-content\/bilder\/C52_12.JPG\" data-rel=\"lightbox-gallery-aSu5x0va\" data-rl_title=\"\" data-rl_caption=\"\" title=\"\"><img loading=\"lazy\" decoding=\"async\" src=\"wp-content\/bilder\/C52_12_small.JPG\" alt=\"C52_12.JPG (239126 Byte)\" height=\"225\" width=\"300\" border=\"2\"><\/a>&nbsp;&nbsp;&nbsp;&nbsp;&nbsp; <!--[if gte vml 1]><v:shape id=\"_x0000_i1036\" type=\"#_x0000_t75\" style='width:207.75pt;height:156pt'> <v:imagedata src=\"file:\/\/\/C:\\DOKUME~1\\ADMINI~1\\LOKALE~1\\Temp\\msohtml1\\01\\clip_image025.jpg\"  o:title=\"DSCN2244\"\/><\/v:shape><![endif]--><a href=\"wp-content\/bilder\/C52_13.JPG\" data-rel=\"lightbox-gallery-aSu5x0va\" data-rl_title=\"\" data-rl_caption=\"\" title=\"\"><img loading=\"lazy\" decoding=\"async\" src=\"wp-content\/bilder\/C52_13_small.JPG\" alt=\"C52_13.JPG (304954 Byte)\" height=\"225\" width=\"300\" border=\"2\"><\/a><br \/>\n<em><small>\u201eBerggeist\u201c N.Wagenknecht<br \/>\n&nbsp;&nbsp;&nbsp;&nbsp;&nbsp;&nbsp;&nbsp;&nbsp;&nbsp;&nbsp;&nbsp;&nbsp;&nbsp;&nbsp;&nbsp;&nbsp;&nbsp;&nbsp;&nbsp;&nbsp;&nbsp;&nbsp;&nbsp;&nbsp;&nbsp;&nbsp;&nbsp;&nbsp;&nbsp;&nbsp;&nbsp;&nbsp;&nbsp;&nbsp;&nbsp;&nbsp;&nbsp;&nbsp;&nbsp;&nbsp;&nbsp;&nbsp;<br \/>\n&nbsp;&nbsp;&nbsp;&nbsp;&nbsp;&nbsp;&nbsp;&nbsp;&nbsp;&nbsp;&nbsp;&nbsp;&nbsp;Mit dem<br \/>\nR\u00fccken zur Kamera: F.Schmidt<br \/>\n&nbsp;&nbsp;&nbsp;&nbsp;&nbsp;&nbsp;&nbsp;&nbsp;&nbsp;&nbsp;&nbsp;&nbsp;&nbsp;&nbsp;&nbsp;&nbsp;&nbsp;&nbsp;&nbsp;&nbsp;&nbsp;&nbsp;&nbsp;&nbsp;&nbsp;&nbsp;&nbsp;&nbsp;&nbsp;&nbsp;&nbsp;&nbsp;&nbsp;&nbsp;&nbsp;&nbsp;&nbsp;&nbsp;&nbsp;&nbsp;&nbsp;&nbsp;&nbsp;&nbsp;&nbsp;&nbsp;&nbsp;&nbsp;&nbsp;&nbsp;&nbsp;&nbsp;&nbsp;&nbsp;&nbsp;&nbsp;&nbsp;&nbsp;&nbsp;&nbsp;&nbsp;&nbsp;&nbsp;&nbsp;&nbsp;&nbsp;&nbsp;&nbsp;&nbsp;&nbsp;&nbsp;&nbsp;&nbsp;&nbsp;&nbsp;&nbsp;&nbsp;&nbsp;&nbsp;&nbsp;<\/small><\/em><\/o:p><\/strong><\/p>\n","protected":false},"excerpt":{"rendered":"<p>C.5.2.&nbsp; FAMILIENEXKURSIONEN&nbsp; DER HERBORNER &nbsp; MINERALIENFREUNDE Der Stand der Mineralien-AG auf den B\u00f6rsen zog zahlreiche Eltern mit Kindern an, die einen Blick durch die Binokulare werfen und ihre eigene Stufe formatisieren wollten. In Gespr\u00e4chen \u00e4u\u00dferten die Eltern h\u00e4ufiger das Interesse, einmal selbst im Gel\u00e4nde Mineralien zu suchen. Mitglieder der Mineralienfreunde luden daraufhin zu speziellen Familienexkursionen [&hellip;]<\/p>\n","protected":false},"author":4,"featured_media":0,"parent":21,"menu_order":0,"comment_status":"closed","ping_status":"closed","template":"sidebar-page.php","meta":{"footnotes":""},"class_list":["post-77","page","type-page","status-publish","hentry"],"_links":{"self":[{"href":"https:\/\/www.herborner-mineralienfreunde.de\/index.php?rest_route=\/wp\/v2\/pages\/77","targetHints":{"allow":["GET"]}}],"collection":[{"href":"https:\/\/www.herborner-mineralienfreunde.de\/index.php?rest_route=\/wp\/v2\/pages"}],"about":[{"href":"https:\/\/www.herborner-mineralienfreunde.de\/index.php?rest_route=\/wp\/v2\/types\/page"}],"author":[{"embeddable":true,"href":"https:\/\/www.herborner-mineralienfreunde.de\/index.php?rest_route=\/wp\/v2\/users\/4"}],"replies":[{"embeddable":true,"href":"https:\/\/www.herborner-mineralienfreunde.de\/index.php?rest_route=%2Fwp%2Fv2%2Fcomments&post=77"}],"version-history":[{"count":4,"href":"https:\/\/www.herborner-mineralienfreunde.de\/index.php?rest_route=\/wp\/v2\/pages\/77\/revisions"}],"predecessor-version":[{"id":132,"href":"https:\/\/www.herborner-mineralienfreunde.de\/index.php?rest_route=\/wp\/v2\/pages\/77\/revisions\/132"}],"up":[{"embeddable":true,"href":"https:\/\/www.herborner-mineralienfreunde.de\/index.php?rest_route=\/wp\/v2\/pages\/21"}],"wp:attachment":[{"href":"https:\/\/www.herborner-mineralienfreunde.de\/index.php?rest_route=%2Fwp%2Fv2%2Fmedia&parent=77"}],"curies":[{"name":"wp","href":"https:\/\/api.w.org\/{rel}","templated":true}]}}